{"id":27,"date":"2014-05-22T15:46:26","date_gmt":"2014-05-22T15:46:26","guid":{"rendered":"http:\/\/www.maccandc.de\/wordpress\/?page_id=27"},"modified":"2021-09-16T14:16:26","modified_gmt":"2021-09-16T12:16:26","slug":"maccc","status":"publish","type":"page","link":"https:\/\/maccandc.de\/?page_id=27","title":{"rendered":"MacC&#038;C"},"content":{"rendered":"<h3>Es war im Jahre 2003!<\/h3>\n\n\n<p>Da trafen zwei M\u00e4nner in den besten Jahren aufeinander! Ihre Passion f\u00fcr die englische Sprache brachte sie beim Englischstammtisch Osterhofen zusammen! Auf den Reisen zu den Partnerst\u00e4dten Ballybay in Irland und Selkirk in Schottland wurden sie infiziert von der so einzigartigen keltischen Musik &#8211; MacC&amp;C war geboren.<\/p>\n\n\n\n<div class=\"wp-block-columns is-layout-flex wp-container-core-columns-layout-1 wp-block-columns-is-layout-flex\">\n<div class=\"wp-block-column is-layout-flow wp-block-column-is-layout-flow\" style=\"flex-basis:33.33%\">\n<figure class=\"wp-block-image size-full is-resized is-style-default\"><a href=\"https:\/\/maccandc.de\/wp-content\/uploads\/2014\/05\/carlos.jpg\"><img loading=\"lazy\" decoding=\"async\" src=\"https:\/\/maccandc.de\/wp-content\/uploads\/2014\/05\/carlos.jpg\" alt=\"\" class=\"wp-image-270\" width=\"165\" height=\"198\" srcset=\"https:\/\/maccandc.de\/wp-content\/uploads\/2014\/05\/carlos.jpg 220w, https:\/\/maccandc.de\/wp-content\/uploads\/2014\/05\/carlos-150x180.jpg 150w\" sizes=\"(max-width: 165px) 100vw, 165px\" \/><\/a><\/figure>\n<\/div>\n\n\n\n<div class=\"wp-block-column is-layout-flow wp-block-column-is-layout-flow\" style=\"flex-basis:66.66%\">\n<p>Carlos MacC, alias Karl-Heinz Steinbeisser, f\u00fchlt sich im Kilt sichtbar wohl! Immer einen flotten Spruch auf den Lippen. Nach zahlreichen Auftritten mit schottischen und irischen Musikern war die Zeit reif f\u00fcr \u201cMacC&amp;C\u201d. Er bringt die G\u00e4ste zum \u201cShunkling and Handclapping\u201d.<\/p>\n<\/div>\n<\/div>\n\n\n\n<div class=\"wp-block-columns is-layout-flex wp-container-core-columns-layout-2 wp-block-columns-is-layout-flex\">\n<div class=\"wp-block-column is-layout-flow wp-block-column-is-layout-flow\" style=\"flex-basis:33.33%\">\n<figure class=\"wp-block-image size-full is-resized is-style-default\"><a href=\"https:\/\/maccandc.de\/wp-content\/uploads\/2014\/05\/christian1.jpg\"><img loading=\"lazy\" decoding=\"async\" src=\"https:\/\/maccandc.de\/wp-content\/uploads\/2014\/05\/christian1.jpg\" alt=\"\" class=\"wp-image-271\" width=\"165\" height=\"198\" srcset=\"https:\/\/maccandc.de\/wp-content\/uploads\/2014\/05\/christian1.jpg 220w, https:\/\/maccandc.de\/wp-content\/uploads\/2014\/05\/christian1-150x180.jpg 150w\" sizes=\"(max-width: 165px) 100vw, 165px\" \/><\/a><\/figure>\n<\/div>\n\n\n\n<div class=\"wp-block-column is-layout-flow wp-block-column-is-layout-flow\" style=\"flex-basis:66.66%\">\n<p>Christian MacC, alias Christian Bruckmeier. Multi-Instrumentalist! Mister \u201cNo-Problem\u201d \u2013 Geht nicht \u2013 gibt\u2019s nicht! Ob Bagpipe, Tinwhistle, Bodhran, Blues-Harp oder Fiddle \u2013 man gebe ihm etwas in die Hand und er spielt darauf! Erster Dudelsack-Kontakt bei einer Privat-Lesson in Edinburgh. Spielte in Dublin vor den Augen von Molly Malone. In den Pubs von Ballybay und Gortahork musizierte er mit der lokalen Folkszene. Privat, erfolgreicher Media-Designer.<\/p>\n<\/div>\n<\/div>\n\n\n\n<div class=\"wp-block-columns is-layout-flex wp-container-core-columns-layout-3 wp-block-columns-is-layout-flex\">\n<div class=\"wp-block-column is-layout-flow wp-block-column-is-layout-flow\" style=\"flex-basis:33.33%\">\n<figure class=\"wp-block-image size-full is-style-default\"><a href=\"https:\/\/maccandc.de\/wp-content\/uploads\/2014\/10\/Mackenzie.jpg\"><img loading=\"lazy\" decoding=\"async\" width=\"144\" height=\"197\" src=\"https:\/\/maccandc.de\/wp-content\/uploads\/2014\/10\/Mackenzie.jpg\" alt=\"\" class=\"wp-image-519\"\/><\/a><\/figure>\n<\/div>\n\n\n\n<div class=\"wp-block-column is-layout-flow wp-block-column-is-layout-flow\" style=\"flex-basis:66.66%\">\n<p>CLAN MACKENZIE<br>MacC&amp;C \u2013 maccandc \u2013 [m\u00e4k-k\u00e4nd-si] \u2013 Mackenzie\u00a0\ud83d\ude42<\/p>\n\n\n\n<p>Christian MacC ist Mitglied im Clan Mackenzie (Society of Scotland and the UK). Beide MacC&amp;C\u2019s tragen den Tartan des Clans Mackenzie.<\/p>\n<\/div>\n<\/div>\n","protected":false},"excerpt":{"rendered":"<p>Es war im Jahre 2003! Da trafen zwei M\u00e4nner in den besten Jahren aufeinander! Ihre Passion f\u00fcr die englische Sprache brachte sie beim Englischstammtisch Osterhofen zusammen! Auf den Reisen zu den Partnerst\u00e4dten Ballybay in Irland und Selkirk in Schottland wurden sie infiziert von der so einzigartigen keltischen Musik &#8211; MacC&amp;C war geboren. Carlos MacC, alias <a class=\"more-link\" href=\"https:\/\/maccandc.de\/?page_id=27\">weiterlesen&#8230;<\/a><\/p>\n","protected":false},"author":1,"featured_media":0,"parent":0,"menu_order":0,"comment_status":"closed","ping_status":"closed","template":"","meta":{"ngg_post_thumbnail":0,"footnotes":""},"_links":{"self":[{"href":"https:\/\/maccandc.de\/index.php?rest_route=\/wp\/v2\/pages\/27"}],"collection":[{"href":"https:\/\/maccandc.de\/index.php?rest_route=\/wp\/v2\/pages"}],"about":[{"href":"https:\/\/maccandc.de\/index.php?rest_route=\/wp\/v2\/types\/page"}],"author":[{"embeddable":true,"href":"https:\/\/maccandc.de\/index.php?rest_route=\/wp\/v2\/users\/1"}],"replies":[{"embeddable":true,"href":"https:\/\/maccandc.de\/index.php?rest_route=%2Fwp%2Fv2%2Fcomments&post=27"}],"version-history":[{"count":28,"href":"https:\/\/maccandc.de\/index.php?rest_route=\/wp\/v2\/pages\/27\/revisions"}],"predecessor-version":[{"id":2075,"href":"https:\/\/maccandc.de\/index.php?rest_route=\/wp\/v2\/pages\/27\/revisions\/2075"}],"wp:attachment":[{"href":"https:\/\/maccandc.de\/index.php?rest_route=%2Fwp%2Fv2%2Fmedia&parent=27"}],"curies":[{"name":"wp","href":"https:\/\/api.w.org\/{rel}","templated":true}]}}