{"id":171,"date":"2014-07-09T14:13:24","date_gmt":"2014-07-09T14:13:24","guid":{"rendered":"http:\/\/www.maccandc.de\/wordpress\/?page_id=171"},"modified":"2025-03-09T15:37:48","modified_gmt":"2025-03-09T14:37:48","slug":"contact","status":"publish","type":"page","link":"https:\/\/maccandc.de\/?page_id=171","title":{"rendered":"Impressum"},"content":{"rendered":"\n<h2 class=\"wp-block-heading\"><strong>Kontaktadressen:<\/strong><\/h2>\n\n\n\n<div class=\"wp-block-columns is-layout-flex wp-container-core-columns-layout-1 wp-block-columns-is-layout-flex\">\n<div class=\"wp-block-column is-layout-flow wp-block-column-is-layout-flow\">\n<h3><a href=\"https:\/\/maccandc.de\/wp-content\/uploads\/2014\/06\/shamr.jpg\"><img loading=\"lazy\" decoding=\"async\" class=\"alignnone wp-image-126 size-full\" src=\"https:\/\/maccandc.de\/wp-content\/uploads\/2014\/06\/shamr.jpg\" alt=\"shamr\" width=\"25\" height=\"24\"><\/a>MacC&amp;C<\/h3>\n<p>C. A. Bruckmeier<br>Obere Hauptstra\u00dfe 20<br>D-94550 K\u00fcnzing<br>Germany<br>Telefon: +49 9932 90040<br>Email: cab (at) maccandc.de<\/p>\n<\/div>\n\n\n\n<div class=\"wp-block-column is-layout-flow wp-block-column-is-layout-flow\">\n<h3><a href=\"https:\/\/maccandc.de\/wp-content\/uploads\/2014\/06\/shamr.jpg\"><img loading=\"lazy\" decoding=\"async\" class=\"alignnone wp-image-126 size-full\" src=\"https:\/\/maccandc.de\/wp-content\/uploads\/2014\/06\/shamr.jpg\" alt=\"shamr\" width=\"25\" height=\"24\"><\/a>MacC&amp;C<\/h3>\n<p>Carlos Steinbei\u00dfer<br \/>Wildenforster Stra\u00dfe 4<br \/>D-94560 Neuhausen<br \/>Germany<br \/>Telefon: +49 991 9798<br \/>Email: carlos.steinbeisser (at) t-online.de<\/p>\n<\/div>\n<\/div>\n\n\n\n<figure class=\"wp-block-image is-style-default\"><a href=\"https:\/\/www.facebook.com\/pages\/MacCC-Celtic-Four\/197451460367255\" target=\"_blank\" rel=\"noopener noreferrer\"><img loading=\"lazy\" decoding=\"async\" width=\"80\" height=\"84\" src=\"https:\/\/maccandc.de\/wp-content\/uploads\/2014\/07\/xface.jpg\" alt=\"xface\" class=\"wp-image-278\"\/><\/a><\/figure>\n\n\n\n<p>&nbsp;<span style=\"color: #ffffff;\">&nbsp;&nbsp;&nbsp;&nbsp;&nbsp;&nbsp;<\/span><\/p>\n\n\n\n<p><span style=\"color: #ffffff;\">&nbsp;&nbsp;<\/span><\/p>\n\n\nmacC&amp;C Celtic Four<br \/>Inhaber des Unternehmens: Carlos Steinbei\u00dfer, Christian Bruckmeier, Paul Karmann, Martin Schmidt<br \/>Wildenforster Stra\u00dfe 4<br \/>D-94560 Neuhausen<br \/>Deutschland<br \/>E-Mail-Adresse: <a href=\"mailto:carlos.steinbeisser@t-online.de\">carlos.steinbeisser@t-online.de<\/a><br \/>Telefonnummer: +49 991 9798<br \/>Gerichtsstand: Deggendorf<br \/><p>Verantwortlich f\u00fcr den Inhalt: MacC&amp;C Celtic Four: Carlos Steinbei\u00dfer, Christian Bruckmeier, Paul Karmann, Martin Schmidt<\/p><p>Plattform der Europ&auml;ischen Kommission zur Online-Streitbeilegung (OS) f&uuml;r Verbraucher: <a href=\"https:\/\/ec.europa.eu\/consumers\/odr\/\" target=\"_blank\">https:\/\/ec.europa.eu\/consumers\/odr\/<\/a>. Wir sind nicht bereit und nicht verpflichtet an einem Streitbeilegungsverfahren vor einer Verbraucherschlichtungsstelle teilzunehmen.<\/p>\n\n\n\n<h2 class=\"wp-block-heading\"><a href=\"https:\/\/maccandc.de\/?page_id=886\">Datenschutz<\/a><\/h2>\n","protected":false},"excerpt":{"rendered":"<p>Kontaktadressen: MacC&amp;C C. A. BruckmeierObere Hauptstra\u00dfe 20D-94550 K\u00fcnzingGermanyTelefon: +49 9932 90040Email: cab (at) maccandc.de MacC&amp;C Carlos Steinbei\u00dferWildenforster Stra\u00dfe 4D-94560 NeuhausenGermanyTelefon: +49 991 9798Email: carlos.steinbeisser (at) t-online.de &nbsp;&nbsp;&nbsp;&nbsp;&nbsp;&nbsp;&nbsp; &nbsp;&nbsp; Datenschutz<\/p>\n","protected":false},"author":1,"featured_media":0,"parent":0,"menu_order":0,"comment_status":"closed","ping_status":"closed","template":"","meta":{"ngg_post_thumbnail":0,"footnotes":""},"_links":{"self":[{"href":"https:\/\/maccandc.de\/index.php?rest_route=\/wp\/v2\/pages\/171"}],"collection":[{"href":"https:\/\/maccandc.de\/index.php?rest_route=\/wp\/v2\/pages"}],"about":[{"href":"https:\/\/maccandc.de\/index.php?rest_route=\/wp\/v2\/types\/page"}],"author":[{"embeddable":true,"href":"https:\/\/maccandc.de\/index.php?rest_route=\/wp\/v2\/users\/1"}],"replies":[{"embeddable":true,"href":"https:\/\/maccandc.de\/index.php?rest_route=%2Fwp%2Fv2%2Fcomments&post=171"}],"version-history":[{"count":68,"href":"https:\/\/maccandc.de\/index.php?rest_route=\/wp\/v2\/pages\/171\/revisions"}],"predecessor-version":[{"id":2582,"href":"https:\/\/maccandc.de\/index.php?rest_route=\/wp\/v2\/pages\/171\/revisions\/2582"}],"wp:attachment":[{"href":"https:\/\/maccandc.de\/index.php?rest_route=%2Fwp%2Fv2%2Fmedia&parent=171"}],"curies":[{"name":"wp","href":"https:\/\/api.w.org\/{rel}","templated":true}]}}