{"id":165,"date":"2014-07-09T14:12:59","date_gmt":"2014-07-09T14:12:59","guid":{"rendered":"http:\/\/www.maccandc.de\/wordpress\/?page_id=165"},"modified":"2025-03-09T15:43:36","modified_gmt":"2025-03-09T14:43:36","slug":"songs","status":"publish","type":"page","link":"https:\/\/maccandc.de\/?page_id=165","title":{"rendered":"Songs"},"content":{"rendered":"\n<p><strong>CD&#8217;s leider nicht mehr Verf\u00fcgbar. Fragen Sie auf einer unserer Veranstaltung nach Restbest\u00e4nde.<\/strong><\/p>\n\n\n\n<div class=\"wp-block-group is-layout-flow wp-block-group-is-layout-flow\"><div class=\"wp-block-group__inner-container\">\n<div class=\"wp-block-columns is-layout-flex wp-container-core-columns-layout-1 wp-block-columns-is-layout-flex\"><\/div>\n<\/div><\/div>\n\n\n\n<h1 class=\"wp-block-heading\">Alben<\/h1>\n\n\n\n<p>Auf das Cover-Bild klicken um in die jeweiligen Alben reinzuh\u00f6ren<\/p>\n\n\n\n<div class=\"wp-block-columns is-layout-flex wp-container-core-columns-layout-2 wp-block-columns-is-layout-flex\">\n<div class=\"wp-block-column is-layout-flow wp-block-column-is-layout-flow\" style=\"flex-basis:33.34%\">\n<figure class=\"wp-block-image size-full is-resized\"><a href=\"https:\/\/maccandc.de\/?page_id=774\"><img loading=\"lazy\" decoding=\"async\" width=\"605\" height=\"600\" src=\"https:\/\/maccandc.de\/wp-content\/uploads\/2018\/09\/1a.png\" alt=\"jetzt reinh\u00f6ren\" class=\"wp-image-1132\" style=\"width:259px;height:256px\" srcset=\"https:\/\/maccandc.de\/wp-content\/uploads\/2018\/09\/1a.png 605w, https:\/\/maccandc.de\/wp-content\/uploads\/2018\/09\/1a-450x446.png 450w, https:\/\/maccandc.de\/wp-content\/uploads\/2018\/09\/1a-100x100.png 100w, https:\/\/maccandc.de\/wp-content\/uploads\/2018\/09\/1a-150x150.png 150w, https:\/\/maccandc.de\/wp-content\/uploads\/2018\/09\/1a-300x298.png 300w\" sizes=\"(max-width: 605px) 100vw, 605px\" \/><\/a><figcaption class=\"wp-element-caption\"><br><\/figcaption><\/figure>\n\n\n\n<p><\/p>\n<\/div>\n\n\n\n<div class=\"wp-block-column is-layout-flow wp-block-column-is-layout-flow\" style=\"flex-basis:33.34%\">\n<figure class=\"wp-block-image size-full is-resized\"><a href=\"https:\/\/maccandc.de\/?page_id=780\"><img loading=\"lazy\" decoding=\"async\" width=\"607\" height=\"600\" src=\"https:\/\/maccandc.de\/wp-content\/uploads\/2018\/09\/2a.png\" alt=\"jetzt reinh\u00f6ren\" class=\"wp-image-1134\" style=\"width:259px;height:259px\" srcset=\"https:\/\/maccandc.de\/wp-content\/uploads\/2018\/09\/2a.png 607w, https:\/\/maccandc.de\/wp-content\/uploads\/2018\/09\/2a-450x445.png 450w, https:\/\/maccandc.de\/wp-content\/uploads\/2018\/09\/2a-100x100.png 100w, https:\/\/maccandc.de\/wp-content\/uploads\/2018\/09\/2a-300x297.png 300w\" sizes=\"(max-width: 607px) 100vw, 607px\" \/><\/a><figcaption class=\"wp-element-caption\"><br><\/figcaption><\/figure>\n\n\n\n<p><\/p>\n<\/div>\n\n\n\n<div class=\"wp-block-column is-layout-flow wp-block-column-is-layout-flow\" style=\"flex-basis:33.33%\">\n<figure class=\"wp-block-image size-full is-resized\"><a href=\"https:\/\/maccandc.de\/?page_id=1195\"><img loading=\"lazy\" decoding=\"async\" width=\"607\" height=\"600\" src=\"https:\/\/maccandc.de\/wp-content\/uploads\/2018\/09\/3a.png\" alt=\"jetzt reinh\u00f6ren\" class=\"wp-image-1136\" style=\"width:259px;height:259px\" srcset=\"https:\/\/maccandc.de\/wp-content\/uploads\/2018\/09\/3a.png 607w, https:\/\/maccandc.de\/wp-content\/uploads\/2018\/09\/3a-450x445.png 450w, https:\/\/maccandc.de\/wp-content\/uploads\/2018\/09\/3a-100x100.png 100w, https:\/\/maccandc.de\/wp-content\/uploads\/2018\/09\/3a-300x297.png 300w\" sizes=\"(max-width: 607px) 100vw, 607px\" \/><\/a><figcaption class=\"wp-element-caption\"><br><\/figcaption><\/figure>\n\n\n\n<p><\/p>\n<\/div>\n<\/div>\n\n\n\n<p> <img loading=\"lazy\" decoding=\"async\" width=\"1\" height=\"1\" class=\"wp-image-1115\" style=\"width: 1px;\" src=\"https:\/\/maccandc.de\/wp-content\/uploads\/2018\/09\/clear.png\" alt=\"\"><\/p>\n\n\n\n<p><img loading=\"lazy\" decoding=\"async\" width=\"950\" height=\"214\" class=\"wp-image-2372\" style=\"width: 150px;\" src=\"https:\/\/maccandc.de\/wp-content\/uploads\/2022\/09\/amazon-musiclogo-e1664119872265.webp\" alt=\"\" srcset=\"https:\/\/maccandc.de\/wp-content\/uploads\/2022\/09\/amazon-musiclogo-e1664119872265.webp 950w, https:\/\/maccandc.de\/wp-content\/uploads\/2022\/09\/amazon-musiclogo-e1664119872265-300x68.webp 300w, https:\/\/maccandc.de\/wp-content\/uploads\/2022\/09\/amazon-musiclogo-e1664119872265-768x173.webp 768w, https:\/\/maccandc.de\/wp-content\/uploads\/2022\/09\/amazon-musiclogo-e1664119872265-450x101.webp 450w\" sizes=\"(max-width: 950px) 100vw, 950px\" \/> <a rel=\"noreferrer noopener\" href=\"https:\/\/www.amazon.de\/s?k=macc%26c+celtic+four&amp;i=digital-music&amp;__mk_de_DE=%C3%85M%C3%85%C5%BD%C3%95%C3%91&amp;crid=NYI964PHZK2A&amp;sprefix=macc%26c+celtic+four%2Cdigital-music%2C69&amp;ref=nb_sb_noss\" target=\"_blank\">Musik direkt downloaden auf Amazon Music<\/a><\/p>\n\n\n\n<p><img loading=\"lazy\" decoding=\"async\" width=\"1698\" height=\"1150\" class=\"wp-image-2377\" style=\"width: 100px;\" src=\"https:\/\/maccandc.de\/wp-content\/uploads\/2022\/09\/spotify.jpg\" alt=\"\" srcset=\"https:\/\/maccandc.de\/wp-content\/uploads\/2022\/09\/spotify.jpg 1698w, https:\/\/maccandc.de\/wp-content\/uploads\/2022\/09\/spotify-300x203.jpg 300w, https:\/\/maccandc.de\/wp-content\/uploads\/2022\/09\/spotify-1024x694.jpg 1024w, https:\/\/maccandc.de\/wp-content\/uploads\/2022\/09\/spotify-768x520.jpg 768w, https:\/\/maccandc.de\/wp-content\/uploads\/2022\/09\/spotify-1536x1040.jpg 1536w, https:\/\/maccandc.de\/wp-content\/uploads\/2022\/09\/spotify-450x305.jpg 450w\" sizes=\"(max-width: 1698px) 100vw, 1698px\" \/> <a rel=\"noreferrer noopener\" href=\"https:\/\/open.spotify.com\/artist\/6EFLo0kvfSzd4Gah9cQ5Bz\" target=\"_blank\">Musik direkt downloaden \u00fcber Spotify<\/a><\/p>\n\n\n\n<p><\/p>\n","protected":false},"excerpt":{"rendered":"<p>CD&#8217;s leider nicht mehr Verf\u00fcgbar. Fragen Sie auf einer unserer Veranstaltung nach Restbest\u00e4nde. Alben Auf das Cover-Bild klicken um in die jeweiligen Alben reinzuh\u00f6ren Musik direkt downloaden auf Amazon Music Musik direkt downloaden \u00fcber Spotify<\/p>\n","protected":false},"author":1,"featured_media":0,"parent":0,"menu_order":0,"comment_status":"closed","ping_status":"closed","template":"","meta":{"ngg_post_thumbnail":0,"footnotes":""},"_links":{"self":[{"href":"https:\/\/maccandc.de\/index.php?rest_route=\/wp\/v2\/pages\/165"}],"collection":[{"href":"https:\/\/maccandc.de\/index.php?rest_route=\/wp\/v2\/pages"}],"about":[{"href":"https:\/\/maccandc.de\/index.php?rest_route=\/wp\/v2\/types\/page"}],"author":[{"embeddable":true,"href":"https:\/\/maccandc.de\/index.php?rest_route=\/wp\/v2\/users\/1"}],"replies":[{"embeddable":true,"href":"https:\/\/maccandc.de\/index.php?rest_route=%2Fwp%2Fv2%2Fcomments&post=165"}],"version-history":[{"count":120,"href":"https:\/\/maccandc.de\/index.php?rest_route=\/wp\/v2\/pages\/165\/revisions"}],"predecessor-version":[{"id":2585,"href":"https:\/\/maccandc.de\/index.php?rest_route=\/wp\/v2\/pages\/165\/revisions\/2585"}],"wp:attachment":[{"href":"https:\/\/maccandc.de\/index.php?rest_route=%2Fwp%2Fv2%2Fmedia&parent=165"}],"curies":[{"name":"wp","href":"https:\/\/api.w.org\/{rel}","templated":true}]}}