{"id":159,"date":"2014-07-09T14:12:38","date_gmt":"2014-07-09T14:12:38","guid":{"rendered":"http:\/\/www.maccandc.de\/wordpress\/?page_id=159"},"modified":"2024-07-21T12:13:36","modified_gmt":"2024-07-21T10:13:36","slug":"celtic-four","status":"publish","type":"page","link":"https:\/\/maccandc.de\/?page_id=159","title":{"rendered":"Celtic Four"},"content":{"rendered":"\n<h2 class=\"wp-block-heading\">ERLEBEN SIE EINEN ABEND LANG SCHOTTISCH-IRISCHE LEBENSFREUDE!<\/h2>\n\n\n\n<p>The Wild Rover, Molly Malone oder Whiskey in the Jar, wer kennt sie nicht, die bekannten Lieder von der gr\u00fcnen Insel. Diese und viele andere traditionelle Songs bringen \u201eMacC&amp;C Celtic Four\u201c mit auf die B\u00fchne. Das vielf\u00e4ltige Repertoire der vier niederbayerischen Vollblutmusiker reicht von stimmungsvollen Balladen \u00fcber fetzige Pub-Songs bis hin zu grandiosen Instrumentalst\u00fccken. Dabei kommen die typischen Instrumente wie z.B. Dudelsack, Fiddle, Akkordeon, B\u00f3dhr\u00e1n oder Tinwhistle zum Einsatz. Da\u00df das Ganze mit viel bayrischem Humor pr\u00e4sentiert wird, macht MacC&amp;C Celtic Four so einmalig und sorgt f\u00fcr ein absolut kurzweiliges Konzertereignis.<\/p>\n\n\n\n<div class=\"wp-block-columns is-layout-flex wp-container-core-columns-layout-1 wp-block-columns-is-layout-flex\">\n<div class=\"wp-block-column is-layout-flow wp-block-column-is-layout-flow\">\n<figure class=\"wp-block-image size-full is-style-default\"><a href=\"https:\/\/maccandc.de\/wp-content\/uploads\/2014\/05\/carlos.jpg\"><img loading=\"lazy\" decoding=\"async\" width=\"220\" height=\"264\" src=\"https:\/\/maccandc.de\/wp-content\/uploads\/2014\/05\/carlos.jpg\" alt=\"\" class=\"wp-image-270\" srcset=\"https:\/\/maccandc.de\/wp-content\/uploads\/2014\/05\/carlos.jpg 220w, https:\/\/maccandc.de\/wp-content\/uploads\/2014\/05\/carlos-150x180.jpg 150w\" sizes=\"(max-width: 220px) 100vw, 220px\" \/><\/a><\/figure>\n\n\n\n<p>CARLOS STEINBEISSER<br>Gitarre, Gesang<\/p>\n<\/div>\n\n\n\n<div class=\"wp-block-column is-layout-flow wp-block-column-is-layout-flow\">\n<figure class=\"wp-block-image size-full is-style-default\"><a href=\"https:\/\/maccandc.de\/wp-content\/uploads\/2014\/05\/christian1.jpg\"><img loading=\"lazy\" decoding=\"async\" width=\"220\" height=\"264\" src=\"https:\/\/maccandc.de\/wp-content\/uploads\/2014\/05\/christian1.jpg\" alt=\"\" class=\"wp-image-271\" srcset=\"https:\/\/maccandc.de\/wp-content\/uploads\/2014\/05\/christian1.jpg 220w, https:\/\/maccandc.de\/wp-content\/uploads\/2014\/05\/christian1-150x180.jpg 150w\" sizes=\"(max-width: 220px) 100vw, 220px\" \/><\/a><\/figure>\n\n\n\n<p>CHRISTIAN BRUCKMEIER<br>Dudelsack, Smalpipe, Harp, Tinwhistle, Bodhran, Gesang<\/p>\n<\/div>\n\n\n\n<div class=\"wp-block-column is-layout-flow wp-block-column-is-layout-flow\">\n<figure class=\"wp-block-image size-full is-style-default\"><a href=\"https:\/\/maccandc.de\/wp-content\/uploads\/2014\/07\/Paul.jpg\"><img loading=\"lazy\" decoding=\"async\" width=\"220\" height=\"264\" src=\"https:\/\/maccandc.de\/wp-content\/uploads\/2014\/07\/Paul.jpg\" alt=\"\" class=\"wp-image-276\" srcset=\"https:\/\/maccandc.de\/wp-content\/uploads\/2014\/07\/Paul.jpg 220w, https:\/\/maccandc.de\/wp-content\/uploads\/2014\/07\/Paul-150x180.jpg 150w\" sizes=\"(max-width: 220px) 100vw, 220px\" \/><\/a><\/figure>\n\n\n\n<p>PAUL KARMANN<br>Akkordeon, Gesang<\/p>\n<\/div>\n\n\n\n<div class=\"wp-block-column is-layout-flow wp-block-column-is-layout-flow\">\n<figure class=\"wp-block-image size-full is-style-default\"><a href=\"https:\/\/maccandc.de\/wp-content\/uploads\/2014\/07\/Martin.jpg\"><img loading=\"lazy\" decoding=\"async\" width=\"220\" height=\"264\" src=\"https:\/\/maccandc.de\/wp-content\/uploads\/2014\/07\/Martin.jpg\" alt=\"\" class=\"wp-image-277\" srcset=\"https:\/\/maccandc.de\/wp-content\/uploads\/2014\/07\/Martin.jpg 220w, https:\/\/maccandc.de\/wp-content\/uploads\/2014\/07\/Martin-150x180.jpg 150w\" sizes=\"(max-width: 220px) 100vw, 220px\" \/><\/a><\/figure>\n\n\n\n<p>MARTIN SCHMIDT<br>Geige, Piano, Percussion,<br>Gesang<\/p>\n<\/div>\n<\/div>\n\n\n\n<p><\/p>\n","protected":false},"excerpt":{"rendered":"<p>ERLEBEN SIE EINEN ABEND LANG SCHOTTISCH-IRISCHE LEBENSFREUDE! The Wild Rover, Molly Malone oder Whiskey in the Jar, wer kennt sie nicht, die bekannten Lieder von der gr\u00fcnen Insel. Diese und viele andere traditionelle Songs bringen \u201eMacC&amp;C Celtic Four\u201c mit auf die B\u00fchne. Das vielf\u00e4ltige Repertoire der vier niederbayerischen Vollblutmusiker reicht von stimmungsvollen Balladen \u00fcber fetzige <a class=\"more-link\" href=\"https:\/\/maccandc.de\/?page_id=159\">weiterlesen&#8230;<\/a><\/p>\n","protected":false},"author":1,"featured_media":256,"parent":0,"menu_order":0,"comment_status":"closed","ping_status":"closed","template":"","meta":{"ngg_post_thumbnail":0,"footnotes":""},"_links":{"self":[{"href":"https:\/\/maccandc.de\/index.php?rest_route=\/wp\/v2\/pages\/159"}],"collection":[{"href":"https:\/\/maccandc.de\/index.php?rest_route=\/wp\/v2\/pages"}],"about":[{"href":"https:\/\/maccandc.de\/index.php?rest_route=\/wp\/v2\/types\/page"}],"author":[{"embeddable":true,"href":"https:\/\/maccandc.de\/index.php?rest_route=\/wp\/v2\/users\/1"}],"replies":[{"embeddable":true,"href":"https:\/\/maccandc.de\/index.php?rest_route=%2Fwp%2Fv2%2Fcomments&post=159"}],"version-history":[{"count":41,"href":"https:\/\/maccandc.de\/index.php?rest_route=\/wp\/v2\/pages\/159\/revisions"}],"predecessor-version":[{"id":2542,"href":"https:\/\/maccandc.de\/index.php?rest_route=\/wp\/v2\/pages\/159\/revisions\/2542"}],"wp:featuredmedia":[{"embeddable":true,"href":"https:\/\/maccandc.de\/index.php?rest_route=\/wp\/v2\/media\/256"}],"wp:attachment":[{"href":"https:\/\/maccandc.de\/index.php?rest_route=%2Fwp%2Fv2%2Fmedia&parent=159"}],"curies":[{"name":"wp","href":"https:\/\/api.w.org\/{rel}","templated":true}]}}